{"id":591,"date":"2014-12-31T15:15:22","date_gmt":"2014-12-31T15:15:22","guid":{"rendered":"http:\/\/www.gpes.fr\/?page_id=591"},"modified":"2016-03-13T17:04:39","modified_gmt":"2016-03-13T17:04:39","slug":"le-centre","status":"publish","type":"page","link":"https:\/\/www.gpes.fr\/?page_id=591","title":{"rendered":"Le Centre"},"content":{"rendered":"<p>Le GPES, plus ancien club de plong\u00e9e sous-marine de France, met tout en \u0153uvre pour rendre vos plong\u00e9es et vos formations agr\u00e9ables. Profitez de son incroyable capacit\u00e9 d\u2019accueil pour plonger tout l\u2019ann\u00e9e, \u00e9t\u00e9 comme hiver\u00a0:<\/p>\n<ul>\n<li>Un local pour l\u2019accueil des plongeurs<\/li>\n<li>Vestiaires avec douches chaudes et sanitaires<\/li>\n<li>Un local pour le rangement du mat\u00e9riel (possibilit\u00e9 de laisser ses affaires lorsque plong\u00e9es successives sur plusieurs jours et \u00e0 la pause d\u00e9jeuner)<\/li>\n<li>2 grands bacs de rin\u00e7age (eau renouvel\u00e9e \u00e0 chaque sortie)<\/li>\n<li>Etendoirs ext\u00e9rieurs pour s\u00e9cher le mat\u00e9riel<\/li>\n<li>2 salles de formations \u00e9quip\u00e9es (vid\u00e9oprojecteur, tableau, ordinateur\u2026)<\/li>\n<\/ul>\n<p><img loading=\"lazy\" class=\"alignnone wp-image-570\" src=\"http:\/\/www.gpes.fr\/wp-content\/uploads\/2014\/09\/IMG_1035-300x300.jpg\" alt=\"IMG_1035\" width=\"225\" height=\"225\" srcset=\"https:\/\/www.gpes.fr\/wp-content\/uploads\/2014\/09\/IMG_1035-300x300.jpg 300w, https:\/\/www.gpes.fr\/wp-content\/uploads\/2014\/09\/IMG_1035-150x150.jpg 150w, https:\/\/www.gpes.fr\/wp-content\/uploads\/2014\/09\/IMG_1035-1024x1024.jpg 1024w, https:\/\/www.gpes.fr\/wp-content\/uploads\/2014\/09\/IMG_1035-624x624.jpg 624w\" sizes=\"(max-width: 225px) 100vw, 225px\" \/><img loading=\"lazy\" class=\"alignnone wp-image-567 size-medium\" src=\"http:\/\/www.gpes.fr\/wp-content\/uploads\/2014\/09\/document-345-300x225.jpg\" alt=\"document-345\" width=\"300\" height=\"225\" srcset=\"https:\/\/www.gpes.fr\/wp-content\/uploads\/2014\/09\/document-345-300x225.jpg 300w, https:\/\/www.gpes.fr\/wp-content\/uploads\/2014\/09\/document-345-1024x768.jpg 1024w, https:\/\/www.gpes.fr\/wp-content\/uploads\/2014\/09\/document-345-624x467.jpg 624w\" sizes=\"(max-width: 300px) 100vw, 300px\" \/><\/p>\n<p><img loading=\"lazy\" class=\"alignnone wp-image-791 size-medium\" src=\"http:\/\/www.gpes.fr\/wp-content\/uploads\/2014\/12\/IMG_20160312_152733-225x300.jpg\" alt=\"\" width=\"225\" height=\"300\" srcset=\"https:\/\/www.gpes.fr\/wp-content\/uploads\/2014\/12\/IMG_20160312_152733-225x300.jpg 225w, https:\/\/www.gpes.fr\/wp-content\/uploads\/2014\/12\/IMG_20160312_152733-768x1024.jpg 768w, https:\/\/www.gpes.fr\/wp-content\/uploads\/2014\/12\/IMG_20160312_152733-624x832.jpg 624w\" sizes=\"(max-width: 225px) 100vw, 225px\" \/><img loading=\"lazy\" class=\"alignnone size-medium wp-image-794\" src=\"http:\/\/www.gpes.fr\/wp-content\/uploads\/2014\/12\/IMG_20160313_140040-225x300.jpg\" alt=\"IMG_20160313_140040\" width=\"225\" height=\"300\" srcset=\"https:\/\/www.gpes.fr\/wp-content\/uploads\/2014\/12\/IMG_20160313_140040-225x300.jpg 225w, https:\/\/www.gpes.fr\/wp-content\/uploads\/2014\/12\/IMG_20160313_140040-768x1024.jpg 768w, https:\/\/www.gpes.fr\/wp-content\/uploads\/2014\/12\/IMG_20160313_140040-624x832.jpg 624w\" sizes=\"(max-width: 225px) 100vw, 225px\" \/><\/p>\n<p><img loading=\"lazy\" class=\"alignnone size-medium wp-image-792\" src=\"http:\/\/www.gpes.fr\/wp-content\/uploads\/2014\/12\/IMG_20160312_152818-300x225.jpg\" alt=\"IMG_20160312_152818\" width=\"300\" height=\"225\" srcset=\"https:\/\/www.gpes.fr\/wp-content\/uploads\/2014\/12\/IMG_20160312_152818-300x225.jpg 300w, https:\/\/www.gpes.fr\/wp-content\/uploads\/2014\/12\/IMG_20160312_152818-768x576.jpg 768w, https:\/\/www.gpes.fr\/wp-content\/uploads\/2014\/12\/IMG_20160312_152818-1024x768.jpg 1024w, https:\/\/www.gpes.fr\/wp-content\/uploads\/2014\/12\/IMG_20160312_152818-624x468.jpg 624w\" sizes=\"(max-width: 300px) 100vw, 300px\" \/><img loading=\"lazy\" class=\"alignnone wp-image-793 size-medium\" src=\"http:\/\/www.gpes.fr\/wp-content\/uploads\/2014\/12\/IMG_20160313_140157-300x225.jpg\" alt=\"\" width=\"300\" height=\"225\" srcset=\"https:\/\/www.gpes.fr\/wp-content\/uploads\/2014\/12\/IMG_20160313_140157-300x225.jpg 300w, https:\/\/www.gpes.fr\/wp-content\/uploads\/2014\/12\/IMG_20160313_140157-768x576.jpg 768w, https:\/\/www.gpes.fr\/wp-content\/uploads\/2014\/12\/IMG_20160313_140157-1024x768.jpg 1024w, https:\/\/www.gpes.fr\/wp-content\/uploads\/2014\/12\/IMG_20160313_140157-624x468.jpg 624w\" sizes=\"(max-width: 300px) 100vw, 300px\" \/><\/p>","protected":false},"excerpt":{"rendered":"<p>Le GPES, plus ancien club de plong\u00e9e sous-marine de France, met tout en \u0153uvre pour rendre vos plong\u00e9es et vos<\/p>\n","protected":false},"author":5,"featured_media":0,"parent":0,"menu_order":1,"comment_status":"closed","ping_status":"closed","template":"","meta":[],"_links":{"self":[{"href":"https:\/\/www.gpes.fr\/index.php?rest_route=\/wp\/v2\/pages\/591"}],"collection":[{"href":"https:\/\/www.gpes.fr\/index.php?rest_route=\/wp\/v2\/pages"}],"about":[{"href":"https:\/\/www.gpes.fr\/index.php?rest_route=\/wp\/v2\/types\/page"}],"author":[{"embeddable":true,"href":"https:\/\/www.gpes.fr\/index.php?rest_route=\/wp\/v2\/users\/5"}],"replies":[{"embeddable":true,"href":"https:\/\/www.gpes.fr\/index.php?rest_route=%2Fwp%2Fv2%2Fcomments&post=591"}],"version-history":[{"count":10,"href":"https:\/\/www.gpes.fr\/index.php?rest_route=\/wp\/v2\/pages\/591\/revisions"}],"predecessor-version":[{"id":798,"href":"https:\/\/www.gpes.fr\/index.php?rest_route=\/wp\/v2\/pages\/591\/revisions\/798"}],"wp:attachment":[{"href":"https:\/\/www.gpes.fr\/index.php?rest_route=%2Fwp%2Fv2%2Fmedia&parent=591"}],"curies":[{"name":"wp","href":"https:\/\/api.w.org\/{rel}","templated":true}]}}