{"id":552,"date":"2014-09-06T15:24:24","date_gmt":"2014-09-06T15:24:24","guid":{"rendered":"http:\/\/www.gpes.fr\/?page_id=552"},"modified":"2018-09-06T08:13:08","modified_gmt":"2018-09-06T08:13:08","slug":"piscine-2","status":"publish","type":"page","link":"https:\/\/www.gpes.fr\/?page_id=552","title":{"rendered":"Piscine"},"content":{"rendered":"<p>L&rsquo;acc\u00e8s de la piscine est possible \u00e0 tous les membres et tous les adh\u00e9rants du club.<img loading=\"lazy\" class=\"alignright wp-image-555 size-medium\" src=\"http:\/\/www.gpes.fr\/wp-content\/uploads\/2014\/09\/P2170017-300x225.jpg\" alt=\"OLYMPUS DIGITAL CAMERA\" width=\"300\" height=\"225\" srcset=\"https:\/\/www.gpes.fr\/wp-content\/uploads\/2014\/09\/P2170017-300x225.jpg 300w, https:\/\/www.gpes.fr\/wp-content\/uploads\/2014\/09\/P2170017-1024x768.jpg 1024w, https:\/\/www.gpes.fr\/wp-content\/uploads\/2014\/09\/P2170017-624x468.jpg 624w, https:\/\/www.gpes.fr\/wp-content\/uploads\/2014\/09\/P2170017.jpg 1920w\" sizes=\"(max-width: 300px) 100vw, 300px\" \/><\/p>\n<p>Le cr\u00e9neau piscine pour le GPES est le <strong>vendredi de 20h30 \u00e0 22h<\/strong>. Il est obligatoire de porter un maillot (pas de short)\u00a0et un bonnet de bain.<\/p>\n<p>Merci de <strong><span style=\"text-decoration: underline;\">r\u00e9server<\/span><\/strong> au pr\u00e9alable par mail :\u00a0<strong>info.piscinegpes@gmail.com<\/strong><\/p>\n<p>Ou sur le Doodle : <a href=\"https:\/\/doodle.com\/poll\/594wgehg34nb7gzh\">Lien<\/a><\/p>\n<p>&nbsp;<\/p>\n<p>&nbsp;<\/p>\n<p><img loading=\"lazy\" class=\"alignleft wp-image-554 size-medium\" src=\"http:\/\/www.gpes.fr\/wp-content\/uploads\/2014\/09\/P2170030-300x225.jpg\" alt=\"OLYMPUS DIGITAL CAMERA\" width=\"300\" height=\"225\" srcset=\"https:\/\/www.gpes.fr\/wp-content\/uploads\/2014\/09\/P2170030-300x225.jpg 300w, https:\/\/www.gpes.fr\/wp-content\/uploads\/2014\/09\/P2170030-1024x768.jpg 1024w, https:\/\/www.gpes.fr\/wp-content\/uploads\/2014\/09\/P2170030-624x468.jpg 624w, https:\/\/www.gpes.fr\/wp-content\/uploads\/2014\/09\/P2170030.jpg 1920w\" sizes=\"(max-width: 300px) 100vw, 300px\" \/><\/p>\n<p>Durant ces cr\u00e9neaux il est possible de faire de la nage avec\u00a0PMT ou selon la disponibilit\u00e9 des moniteurs, de la formation Niveau 1 \/ Niveau 2 ou encore du perfectionnement.<\/p>\n<p>Contact : <strong>Fran\u00e7ois LE BRETON<br \/>\n<\/strong>Tel :\u00a0<strong><span class=\"_5yl5\" data-reactid=\".61.1:$mid=11441914027479=20dc03ca61f536e5360.2:0.0.0.0.0\"><span data-reactid=\".61.1:$mid=11441914027479=20dc03ca61f536e5360.2:0.0.0.0.0.0\">06 45 45 81 44<\/span><\/span><\/strong><\/p>\n<p>&nbsp;<\/p>\n<p><a href=\"http:\/\/www.gpes.fr\/wp-content\/uploads\/2014\/09\/image-cours.jpg\" rel=\"attachment wp-att-958\"><img loading=\"lazy\" class=\"alignright wp-image-958 size-full\" src=\"http:\/\/www.gpes.fr\/wp-content\/uploads\/2014\/09\/image-cours.jpg\" alt=\"image-cours\" width=\"320\" height=\"240\" srcset=\"https:\/\/www.gpes.fr\/wp-content\/uploads\/2014\/09\/image-cours.jpg 320w, https:\/\/www.gpes.fr\/wp-content\/uploads\/2014\/09\/image-cours-300x225.jpg 300w\" sizes=\"(max-width: 320px) 100vw, 320px\" \/><\/a><\/p>\n<p>&nbsp;<\/p>\n<p>&nbsp;<\/p>\n<p>Les cours th\u00e9oriques (initiateur, N1, N2, N3) peuvent\u00a0avoir lieu tous les vendredi soir \u00e0 19h \u00e0 la demande.<\/p>\n<p>R\u00e9servation aupr\u00e8s de <strong>Thierry<\/strong> au <strong>06 27 32 06 98<\/strong><\/p>","protected":false},"excerpt":{"rendered":"<p>L&rsquo;acc\u00e8s de la piscine est possible \u00e0 tous les membres et tous les adh\u00e9rants du club. Le cr\u00e9neau piscine pour<\/p>\n","protected":false},"author":5,"featured_media":0,"parent":0,"menu_order":3,"comment_status":"closed","ping_status":"closed","template":"","meta":[],"_links":{"self":[{"href":"https:\/\/www.gpes.fr\/index.php?rest_route=\/wp\/v2\/pages\/552"}],"collection":[{"href":"https:\/\/www.gpes.fr\/index.php?rest_route=\/wp\/v2\/pages"}],"about":[{"href":"https:\/\/www.gpes.fr\/index.php?rest_route=\/wp\/v2\/types\/page"}],"author":[{"embeddable":true,"href":"https:\/\/www.gpes.fr\/index.php?rest_route=\/wp\/v2\/users\/5"}],"replies":[{"embeddable":true,"href":"https:\/\/www.gpes.fr\/index.php?rest_route=%2Fwp%2Fv2%2Fcomments&post=552"}],"version-history":[{"count":26,"href":"https:\/\/www.gpes.fr\/index.php?rest_route=\/wp\/v2\/pages\/552\/revisions"}],"predecessor-version":[{"id":959,"href":"https:\/\/www.gpes.fr\/index.php?rest_route=\/wp\/v2\/pages\/552\/revisions\/959"}],"wp:attachment":[{"href":"https:\/\/www.gpes.fr\/index.php?rest_route=%2Fwp%2Fv2%2Fmedia&parent=552"}],"curies":[{"name":"wp","href":"https:\/\/api.w.org\/{rel}","templated":true}]}}