{"id":495,"date":"2014-06-01T10:51:38","date_gmt":"2014-06-01T10:51:38","guid":{"rendered":"http:\/\/www.gpes.fr\/?page_id=495"},"modified":"2019-12-05T13:27:30","modified_gmt":"2019-12-05T13:27:30","slug":"horaires-2","status":"publish","type":"page","link":"https:\/\/www.gpes.fr\/?page_id=495","title":{"rendered":"Horaires"},"content":{"rendered":"<p><\/p>\n<header style=\"color: #444444;\">\n<h1><img loading=\"lazy\" class=\"alignright wp-image-497 size-medium\" src=\"http:\/\/www.gpes.fr\/wp-content\/uploads\/2014\/06\/analog-clock-148148_640-225x300.png\" alt=\"analog-clock-148148_640\" width=\"225\" height=\"300\" srcset=\"https:\/\/www.gpes.fr\/wp-content\/uploads\/2014\/06\/analog-clock-148148_640-225x300.png 225w, https:\/\/www.gpes.fr\/wp-content\/uploads\/2014\/06\/analog-clock-148148_640.png 482w\" sizes=\"(max-width: 225px) 100vw, 225px\" \/>GPES \u00a0\u00a0 Horaires et Plannings<\/h1>\n<\/header>\n<div style=\"color: #444444;\">\n<p>Le fonctionnement des sorties du GPES :<br \/>\nPour toutes les plong\u00e9es (exploration, formation, bapt\u00eame\u2026), pensez \u00e0 r\u00e9server au pr\u00e9alable:<br \/>\npar t\u00e9l\u00e9phone : \u00a0\u00a006 52 65 84 67\u00a0 \/\u00a004 42 08 20 59<\/p>\n<p>par mail :\u00a0<a style=\"color: #21759b;\" href=\"mailto:contact@gpes.fr?subject=GPES%20Club%20de%20Plong%C3%A9e%20de%20la%20Ciotat\">GPES-Plong\u00e9e\u00a0<\/a>(contact@gpes.fr)<\/p>\n<p>Les horaires d&rsquo;hiver :<br \/>\nFerm\u00e9 le lundi mardi et ouvert du mercredi au dimanche<br \/>\nEn semaine 9h-12h et 14h-17h<br \/>\nWeekend 8h15-12h et 13h15-17h<\/p>\n<\/div>\n<p>&nbsp;<\/p>","protected":false},"excerpt":{"rendered":"<p>GPES \u00a0\u00a0 Horaires et Plannings Le fonctionnement des sorties du GPES : Pour toutes les plong\u00e9es (exploration, formation, bapt\u00eame\u2026), pensez<\/p>\n","protected":false},"author":5,"featured_media":0,"parent":0,"menu_order":2,"comment_status":"closed","ping_status":"closed","template":"","meta":[],"_links":{"self":[{"href":"https:\/\/www.gpes.fr\/index.php?rest_route=\/wp\/v2\/pages\/495"}],"collection":[{"href":"https:\/\/www.gpes.fr\/index.php?rest_route=\/wp\/v2\/pages"}],"about":[{"href":"https:\/\/www.gpes.fr\/index.php?rest_route=\/wp\/v2\/types\/page"}],"author":[{"embeddable":true,"href":"https:\/\/www.gpes.fr\/index.php?rest_route=\/wp\/v2\/users\/5"}],"replies":[{"embeddable":true,"href":"https:\/\/www.gpes.fr\/index.php?rest_route=%2Fwp%2Fv2%2Fcomments&post=495"}],"version-history":[{"count":9,"href":"https:\/\/www.gpes.fr\/index.php?rest_route=\/wp\/v2\/pages\/495\/revisions"}],"predecessor-version":[{"id":974,"href":"https:\/\/www.gpes.fr\/index.php?rest_route=\/wp\/v2\/pages\/495\/revisions\/974"}],"wp:attachment":[{"href":"https:\/\/www.gpes.fr\/index.php?rest_route=%2Fwp%2Fv2%2Fmedia&parent=495"}],"curies":[{"name":"wp","href":"https:\/\/api.w.org\/{rel}","templated":true}]}}