{"id":1050,"date":"2025-09-05T14:25:37","date_gmt":"2025-09-05T14:25:37","guid":{"rendered":"https:\/\/www.gpes.fr\/?page_id=1050"},"modified":"2025-09-05T14:38:19","modified_gmt":"2025-09-05T14:38:19","slug":"1050-2","status":"publish","type":"page","link":"https:\/\/www.gpes.fr\/?page_id=1050","title":{"rendered":"OBLADES"},"content":{"rendered":"\n<div class=\"wp-block-image\"><figure class=\"aligncenter size-full is-resized\"><a href=\"https:\/\/www.gpes.fr\/wp-content\/uploads\/2025\/09\/oblade.jpg\"><img loading=\"lazy\" src=\"https:\/\/www.gpes.fr\/wp-content\/uploads\/2025\/09\/oblade.jpg\" alt=\"\" class=\"wp-image-1051\" width=\"218\" height=\"213\"\/><\/a><\/figure><\/div>\n\n\n\n<h2>OBSERVATOIRE SUR LA BAIE DE LA CIOTAT DES ESPECES SOUS-MARINES<\/h2>\n\n\n\n<p><strong><u>La gen\u00e8se<\/u><\/strong><\/p>\n\n\n\n<p>Le GPES (Groupement de P\u00eache et d\u2019Etudes Sous-marines) est une association loi 1901 bas\u00e9e \u00e0 La Ciotat. Il est le plus ancien club de plong\u00e9e subaquatique encore en activit\u00e9 \u00e0 ce jour \u00e0 l\u2019\u00e9chelle internationale (authentifi\u00e9 par le Guinness book des records).<\/p>\n\n\n\n<p>Comme le t\u00e9moigne son acronyme, les Etudes Scientifiques constituent, d\u00e8s sa cr\u00e9ation, l\u2019un des objectifs majeurs de l\u2019association. Ses fondateurs ont voulu donner une r\u00e9elle dimension scientifique \u00e0 l\u2019exploration sous-marine, en s\u2019appuyant sur la Facult\u00e9 des Sciences de Marseille pour l\u2019aider dans ses recherches. Une \u00e9troite collaboration est ouverte avec des organismes de recherche, notamment le centre oc\u00e9anographique d\u2019Endoume, dont le Directeur, Georges Petit, est membre fondateur du GPES. En 1948, un cahier d\u2019observations est mis en place, et chaque membre du club est invit\u00e9 \u00e0 le renseigner pour partager ses d\u00e9couvertes.<\/p>\n\n\n\n<div class=\"wp-block-image\"><figure class=\"aligncenter\"><img src=\"https:\/\/atlantis.mielcloud.fr\/oo\/file\/198276_KEBOI5KRF54J1BREM946TMROJS.synoffice.doc\/2\/img?tid=%22JJxSs5KEIz96ngV0QbgpNUxrOwx5zT6hLHYk1mljW5ZO4wiiWHw4rzquNjlQAPqrrPw7_CgZi2dW9rN6%22\" alt=\"\"\/><\/figure><\/div>\n\n\n\n<p>La commission \u00ab&nbsp;biologie&nbsp;\u00bb va perdurer tout au long de la vie du club, en r\u00e9alisant de nombreuses actions en faveur de l&rsquo;environnement. Le GPES participe ainsi \u00e0 des programmes de sciences participatives, comme MEDOBS, CIGESMED, POLARIS, ou le recensement des esp\u00e8ces prot\u00e9g\u00e9es (<em>des esp\u00e8ces qui comptent en m\u00e9diterran\u00e9e<\/em>). Ses travaux d\u2019appui \u00e0 la Science ont notamment permis des avanc\u00e9es significatives sur la connaissance des esp\u00e8ces, comme l\u2019illustrent les travaux sur l\u2019\u00e9ponge carnivore de la grotte des <em>Trois P\u00e9p\u00e9s<\/em>, au Cap Canaille ou bien encore la d\u00e9couverte d\u2019une nouvelle esp\u00e8ce de spadella (sorte de crevette).<\/p>\n\n\n\n<p>A partir de 2022, l\u2019association a souhait\u00e9 se positionner en tant qu\u2019acteur reconnu en mati\u00e8re de gestion du littoral dans la baie de la Ciotat, en lan\u00e7ant son propre observatoire scientifique&nbsp;: OBLADES.<\/p>\n\n\n\n<p>Avec plus de 13 000 plong\u00e9es par an, le GPES est un t\u00e9moin privil\u00e9gi\u00e9 de l\u2019\u00e9volution du milieu sous-marin dans la baie depuis plus de 80 ans, ce qui lui donne une bonne vision de l\u2019\u00e9volution des \u00e9cosyst\u00e8mes sous-marins sur le long terme.<\/p>\n\n\n\n<p>Le premier objectif de l\u2019observatoire est de collecter et structurer des donn\u00e9es \u00e0 recueillir pour qu\u2019elles soient analys\u00e9es par des scientifiques en vue de poser un diagnostic sur l\u2019\u00e9tat de la baie de la Ciotat, pour proposer les meilleures solutions en mati\u00e8re de gestion du littoral.<\/p>\n\n\n\n<p>Le second objectif de l\u2019observatoire est de former les membres du club \u00e0 la biologie sous-marine, et promouvoir ainsi la protection des \u00e9cosyst\u00e8mes sous-marins au sein de l\u2019association.<\/p>\n\n\n\n<p><strong><u>L\u2019observatoire<\/u><\/strong><\/p>\n\n\n\n<p>Une \u00e9tude des besoins scientifiques men\u00e9e avec l\u2019Agence de l\u2019Eau a permis d\u2019identifier trois types d\u2019esp\u00e8ces (post larves, poissons adultes et esp\u00e8ces fix\u00e9es sur le corallig\u00e8ne) \u00e0 observer sur quatre types de substrat (herbiers, zones portuaires, r\u00e9cifs artificiels et corallig\u00e8ne).<\/p>\n\n\n\n<p>Le GPES a recherch\u00e9 des partenaires scientifiques, avec lesquels des protocoles d\u2019observation ont \u00e9t\u00e9 mis en place. Le tableau suivant synth\u00e9tise les protocoles retenus pour le suivi de chaque esp\u00e8ce sur chaque type de substrat.<\/p>\n\n\n\n<p>La carte suivante localise les zones d\u2019observation sur les diff\u00e9rents substrats.<\/p>\n\n\n\n<p><img alt=\"\">attachment1<\/p>\n\n\n\n<p>Les partenaires du GPES sont&nbsp;:<\/p>\n\n\n\n<ul><li><strong>Androm\u00e8de Oc\u00e9anologie<\/strong>, pour l\u2019observation des esp\u00e8ces fix\u00e9es sur le corallig\u00e8ne, et sur le suivi du ph\u00e9nom\u00e8ne des algues filamenteuses.<\/li><li><strong>L\u2019Universit\u00e9 de Perpignan<\/strong>, pour le comptage des poissons adultes, et notamment le suivi de la colonisation des r\u00e9cifs artificiels.<\/li><li><strong>Ecoc<\/strong><strong>\u00e9a<\/strong><strong>n<\/strong>, pour les relev\u00e9s des post larves, compl\u00e9mentaires des suivis de populations adultes.<\/li><\/ul>\n\n\n\n<p>Des protocoles d\u2019observation ont \u00e9t\u00e9 r\u00e9dig\u00e9s avec les scientifiques. Une convention de partenariat a \u00e9t\u00e9 \u00e9tablie entre le GPES et Androm\u00e8de Oc\u00e9anologie pour fixer les objectif et les moyens de l\u2019observatoire des algues filamenteuse.<\/p>\n\n\n\n<div class=\"wp-block-image\"><figure class=\"aligncenter\"><img src=\"https:\/\/atlantis.mielcloud.fr\/oo\/file\/198276_KEBOI5KRF54J1BREM946TMROJS.synoffice.doc\/4\/img?tid=%22JJxSs5KEIz96ngV0QbgpNUxrOwx5zT6hLHYk1mljW5ZO4wiiWHw4rzquNjlQAPqrrPw7_CgZi2dW9rN6%22\" alt=\"\"\/><\/figure><\/div>\n\n\n\n<div class=\"wp-block-image\"><figure class=\"aligncenter\"><img src=\"https:\/\/atlantis.mielcloud.fr\/oo\/file\/198276_KEBOI5KRF54J1BREM946TMROJS.synoffice.doc\/5\/img?tid=%22JJxSs5KEIz96ngV0QbgpNUxrOwx5zT6hLHYk1mljW5ZO4wiiWHw4rzquNjlQAPqrrPw7_CgZi2dW9rN6%22\" alt=\"\"\/><\/figure><\/div>\n\n\n\n<div class=\"wp-block-image\"><figure class=\"aligncenter\"><img src=\"https:\/\/atlantis.mielcloud.fr\/oo\/file\/198276_KEBOI5KRF54J1BREM946TMROJS.synoffice.doc\/6\/img?tid=%22JJxSs5KEIz96ngV0QbgpNUxrOwx5zT6hLHYk1mljW5ZO4wiiWHw4rzquNjlQAPqrrPw7_CgZi2dW9rN6%22\" alt=\"\"\/><\/figure><\/div>\n\n\n\n<p><strong><u>Les protocoles<\/u><\/strong><\/p>\n\n\n\n<p>Algues filamenteuses<\/p>\n\n\n\n<p>Chaque ann\u00e9e apparaissent au printemps sur notre littoral des algues filamenteuses, qui recouvrent d\u2019un voile jaun\u00e2tre la v\u00e9g\u00e9tation sous-marine. Celles-ci disparaissent apr\u00e8s l\u2019\u00e9t\u00e9 sans que l\u2019on connaisse vraiment la cause de leur d\u00e9veloppement, probablement li\u00e9 \u00e0 la temp\u00e9rature, l&rsquo;apport en nutriments et la stratification de la couche d&rsquo;eau.<\/p>\n\n\n\n<figure class=\"wp-block-image\"><img src=\"https:\/\/atlantis.mielcloud.fr\/oo\/file\/198276_KEBOI5KRF54J1BREM946TMROJS.synoffice.doc\/7\/img?tid=%22JJxSs5KEIz96ngV0QbgpNUxrOwx5zT6hLHYk1mljW5ZO4wiiWHw4rzquNjlQAPqrrPw7_CgZi2dW9rN6%22\" alt=\"\"\/><\/figure>\n\n\n\n<p>Un partenariat est mis en place avec Androm\u00e8de oc\u00e9anologie sur le site de plong\u00e9e des Rosiers (la Ciotat), afin de mieux comprendre ce ph\u00e9nom\u00e8ne.<\/p>\n\n\n\n<p>Les plongeurs du GPES ont r\u00e9alis\u00e9 en 2022 des pr\u00e9l\u00e8vements d&rsquo;eau pour analyse des nutriments avant le d\u00e9but du suivi (Avril 2022), au d\u00e9but du d\u00e9veloppement massif (Printemps), pendant le bloom (Et\u00e9), \u00e0 la fin du bloom (Septembre-Octobre) soit un total de quatre pr\u00e9l\u00e8vements \u00e0 -15 m et quatre pr\u00e9l\u00e8vements \u00e0 -30 m. Ces pr\u00e9l\u00e8vements ont permis \u00e0 Androm\u00e8de Oc\u00e9anologie d\u2019analyser la corr\u00e9lation entre la composition de l\u2019eau et le ph\u00e9nom\u00e8ne des algues.<\/p>\n\n\n\n<p>Le site de plong\u00e9e des Rosiers fait objet de relev\u00e9s photographiques le long d\u2019un parcours sur quatre niveaux de profondeurs s\u00e9par\u00e9s d\u2019environ 5 m (approximativement -35 m, &#8211; 30 m, -25 m et -20 m).<\/p>\n\n\n\n<p>Cinq \u00e0 dix prises de vue par profondeur sont r\u00e9alis\u00e9es, et ciblent des gorgones rouges enti\u00e8res (<em>Paramuricea<\/em><em> <\/em><em>clavata<\/em>). Ainsi, un total de 20 \u00e0 40 photographies de gorgones rouges sont effectu\u00e9s \u00e0 chaque suivi.<\/p>\n\n\n\n<p>Les photographies permettent d\u2019appr\u00e9cier le taux de recouvrement en algues filamenteuses, et les n\u00e9croses sur les gorgones rouges.<\/p>\n\n\n\n<p>Esp\u00e8ces fix\u00e9es sur le corallig\u00e8ne<\/p>\n\n\n\n<p>En mer M\u00e9diterran\u00e9e, les syst\u00e8mes littoraux profonds sont colonis\u00e9s par des assemblages corallig\u00e8nes qui d\u00e9butent, selon la transparence de l\u2019eau, entre -12\/-50 m\u00e8tres et s\u2019arr\u00eatent entre -40\/-120 m\u00e8tres (<em>Ballesteros, 2006<\/em>). Cela repr\u00e9sente un formidable substrat pour la fixation et la croissance d\u2019autres organismes comme les colonies de corail rouge ou de gorgones. Les assemblages corallig\u00e8nes sont donc un patchwork complexe de micro-habitats et d\u2019esp\u00e8ces dont la richesse, la biomasse et la productivit\u00e9 \u00e9quivalent \u00e0 celles des assemblages de r\u00e9cifs tropicaux (<em>Bianchi, 2001<\/em>). Le corallig\u00e8ne constitue, apr\u00e8s les herbiers \u00e0 Posidonie, le deuxi\u00e8me \u00e9cosyst\u00e8me benthique cl\u00e9 de M\u00e9diterran\u00e9e en termes de biodiversit\u00e9 (<em>Boudouresque<\/em><em>, 2004<\/em>).<\/p>\n\n\n\n<p>Soutenu par l\u2019Agence de l\u2019eau Rh\u00f4ne M\u00e9diterran\u00e9e et Corse, le r\u00e9seau <a href=\"https:\/\/medtrix.fr\/portfolio_page\/recor\/\" target=\"_blank\" rel=\"noreferrer noopener\"><u>RECOR<\/u><\/a> a \u00e9t\u00e9 mis en place en 2010 par Androm\u00e8de Oc\u00e9anologie. Il s\u2019\u00e9tend sur l\u2019ensemble de la fa\u00e7ade m\u00e9diterran\u00e9enne fran\u00e7aise bord\u00e9e par les trois r\u00e9gions Corse, Provence-Alpes-C\u00f4te d\u2019Azur (PACA) et Occitanie. Les objectifs de RECOR sont de recueillir des donn\u00e9es descriptives de l\u2019\u00e9tat et du fonctionnement de l\u2019habitat.<\/p>\n\n\n\n<p>Androm\u00e8de Oc\u00e9anologie r\u00e9alise p\u00e9riodiquement des relev\u00e9s qui permettent d\u2019alimenter ce r\u00e9seau. Sur la Ciotat, ces relev\u00e9s sont effectu\u00e9s tous les trois ans. Un partenariat a \u00e9t\u00e9 mis en place avec le GPES sur le site de plong\u00e9e des Rosiers (la Ciotat) pour disposer de donn\u00e9es chaque ann\u00e9e.<\/p>\n\n\n\n<p>Des prises de vue photographiques sont r\u00e9alis\u00e9es par le GPES en avril, juin et septembre sur deux niveaux de profondeur&nbsp;:&nbsp;35m et 30m.<\/p>\n\n\n\n<p>Lors de l\u2019analyse de ces photos, r\u00e9alis\u00e9e par Androm\u00e8de Oc\u00e9anologie, le logiciel <em>CPCe<\/em><em> \u00ab <\/em><em>coralligenous<\/em><em> assemblage version <\/em>\u00bb r\u00e9partit 64 points al\u00e9atoirement sur chacune des photographies. L\u2019identification de la nature des esp\u00e8ces ou du substrat sur lesquels sont dispos\u00e9s ces points est r\u00e9alis\u00e9e par un m\u00eame observateur d\u2019Androm\u00e8de Oc\u00e9anologie.<\/p>\n\n\n\n<p>Post larves<\/p>\n\n\n\n<p>Les post larves sont des animaux \u00e0 un stade de d\u00e9veloppement situ\u00e9 apr\u00e8s la <a href=\"https:\/\/fr.wiktionary.org\/wiki\/larve\" target=\"_blank\" rel=\"noreferrer noopener\"><u>larve<\/u><\/a> et proche du stade <a href=\"https:\/\/fr.wiktionary.org\/wiki\/juv%C3%A9nile\" target=\"_blank\" rel=\"noreferrer noopener\"><u>juv\u00e9nile<\/u><\/a>. Le succ\u00e8s du d\u00e9veloppement d\u2019une population de poissons d\u00e9pend principalement des processus qui se d\u00e9roulent pendant les premiers stades de vie, o\u00f9 la mortalit\u00e9 est tr\u00e8s \u00e9lev\u00e9e. Or, l\u2019urbanisation des c\u00f4tes et la construction de zones portuaires p\u00e9nalisent fortement le cycle de vie des poissons.<\/p>\n\n\n\n<p>C\u2019est pourquoi, l\u2019Agence de l\u2019Eau Rh\u00f4ne M\u00e9diterran\u00e9e Corse (AERMC) a initi\u00e9, en collaboration avec ECOCEAN, le r\u00e9seau de surveillance RESPIRE. D\u00e9ploy\u00e9 dans le but de d\u00e9crire la dynamique spatio-temporelle de l\u2019arriv\u00e9e des post-larves de poissons sur les c\u00f4tes de la M\u00e9diterran\u00e9e, ce r\u00e9seau a \u00e9t\u00e9 mis en place en 2014, et les premiers suivis ont d\u00e9but\u00e9 en mars 2015.<\/p>\n\n\n\n<p>Ces suivis ont d\u2019abord \u00e9t\u00e9 r\u00e9alis\u00e9s sur 23 sites, r\u00e9partis sur toute la c\u00f4te m\u00e9diterran\u00e9enne fran\u00e7aise, en Corse et au Maroc, puis sur 30 sites essentiellement identifi\u00e9s dans des ports de plaisance (reconnus dans la litt\u00e9rature comme des zones de nurseries). Les comptages s\u2019effectuent sur des Unit\u00e9s d\u2019Observation Standardis\u00e9es (micro nurseries concentratrices de juv\u00e9niles install\u00e9es sous les pontons), puis sur des zones \u00e0 l\u2019interface entre le milieu ouvert et les zones de nurserie (les digues et les enrochements en sortie de port) et sur des zones naturelles \u00e0 proximit\u00e9, afin de renseigner l\u2019int\u00e9gralit\u00e9 des actuelles nurseries de M\u00e9diterran\u00e9e (aussi bien naturelles qu\u2019anthropiques).<\/p>\n\n\n\n<p>Il est entendu que le GPES assure un suivi des post larves sur trois sites&nbsp;:<\/p>\n\n\n\n<ul><li>Le port de plaisance&nbsp;: dans 9 unit\u00e9s d\u2019observation (biohuts)<\/li><li>Une digue&nbsp;: sur 3 transects de 10m<\/li><li>Au Mugel&nbsp;: sur 6 transects de 10m<\/li><\/ul>\n\n\n\n<p>Les donn\u00e9es recueillies par les plongeurs du GPES sont analys\u00e9es alternativement par ECOCEAN et l\u2019Universit\u00e9 de Perpignan.<\/p>\n\n\n\n<p>Poissons adultes<\/p>\n\n\n\n<p>La pr\u00e9sence et la quantit\u00e9 de certains poissons parvenus \u00e0 l\u2019\u00e2ge adulte t\u00e9moigne de la vitalit\u00e9 des \u00e9cosyst\u00e8mes.<\/p>\n\n\n\n<p>Il est entendu que le GPES r\u00e9alise un comptage des poissons adultes sur des sites \u00e0 corallig\u00e8ne, sur des herbiers et sur les r\u00e9cifs artificiels au large de Saint-Cyr.<\/p>\n\n\n\n<p>Le protocole identifie 25 esp\u00e8ces \u00e0 relever sur ces sites, selon des m\u00e9thodes adapt\u00e9es \u00e0 chaque site.<\/p>\n\n\n\n<p>Sur les herbiers et le corallig\u00e8ne, les plongeurs du GPES utilisent des transects de 30 m\u00e8tres. Sur les r\u00e9cifs artificiels, c\u2019est la m\u00e9thode du point fixe qui est utilis\u00e9e (observation \u00e0 l\u2019arr\u00eat pendant 3 minutes).<\/p>\n\n\n\n<p><strong>Contact <\/strong>: Thierry Aune, tizaplouf@gmail.com<\/p>\n\n\n\n<p><\/p>\n\n\n\n<p>  <strong>Les bulles d&rsquo;Oblades : <\/strong> <\/p>\n\n\n\n<div class=\"wp-block-file\"><a href=\"https:\/\/www.gpes.fr\/wp-content\/uploads\/2025\/08\/bulles-OBLADES-2022.pdf\">bulles-OBLADES-2022<\/a><a href=\"https:\/\/www.gpes.fr\/wp-content\/uploads\/2025\/08\/bulles-OBLADES-2022.pdf\" class=\"wp-block-file__button\" download>T\u00e9l\u00e9charger<\/a><\/div>\n\n\n\n<div class=\"wp-block-file\"><a href=\"https:\/\/www.gpes.fr\/wp-content\/uploads\/2025\/08\/bulles-OBLADES-2023.pdf\">bulles-OBLADES-2023<\/a><a href=\"https:\/\/www.gpes.fr\/wp-content\/uploads\/2025\/08\/bulles-OBLADES-2023.pdf\" class=\"wp-block-file__button\" download>T\u00e9l\u00e9charger<\/a><\/div>\n\n\n\n<div class=\"wp-block-file\"><a href=\"https:\/\/www.gpes.fr\/wp-content\/uploads\/2025\/08\/bulles-OBLADES-2024.pdf\">bulles-OBLADES-2024<\/a><a href=\"https:\/\/www.gpes.fr\/wp-content\/uploads\/2025\/08\/bulles-OBLADES-2024.pdf\" class=\"wp-block-file__button\" download>T\u00e9l\u00e9charger<\/a><\/div>\n\n\n\n<div class=\"wp-block-file\"><a href=\"https:\/\/www.gpes.fr\/wp-content\/uploads\/2025\/08\/bulles-dOBLADES-janv-a-mai-25.pdf\">bulles-dOBLADES-janv-a-mai-25<\/a><a href=\"https:\/\/www.gpes.fr\/wp-content\/uploads\/2025\/08\/bulles-dOBLADES-janv-a-mai-25.pdf\" class=\"wp-block-file__button\" download>T\u00e9l\u00e9charger<\/a><\/div>\n","protected":false},"excerpt":{"rendered":"<p>OBSERVATOIRE SUR LA BAIE DE LA CIOTAT DES ESPECES SOUS-MARINES La gen\u00e8se Le GPES (Groupement de P\u00eache et d\u2019Etudes Sous-marines)<\/p>\n","protected":false},"author":5,"featured_media":0,"parent":1024,"menu_order":2,"comment_status":"closed","ping_status":"closed","template":"","meta":[],"_links":{"self":[{"href":"https:\/\/www.gpes.fr\/index.php?rest_route=\/wp\/v2\/pages\/1050"}],"collection":[{"href":"https:\/\/www.gpes.fr\/index.php?rest_route=\/wp\/v2\/pages"}],"about":[{"href":"https:\/\/www.gpes.fr\/index.php?rest_route=\/wp\/v2\/types\/page"}],"author":[{"embeddable":true,"href":"https:\/\/www.gpes.fr\/index.php?rest_route=\/wp\/v2\/users\/5"}],"replies":[{"embeddable":true,"href":"https:\/\/www.gpes.fr\/index.php?rest_route=%2Fwp%2Fv2%2Fcomments&post=1050"}],"version-history":[{"count":5,"href":"https:\/\/www.gpes.fr\/index.php?rest_route=\/wp\/v2\/pages\/1050\/revisions"}],"predecessor-version":[{"id":1062,"href":"https:\/\/www.gpes.fr\/index.php?rest_route=\/wp\/v2\/pages\/1050\/revisions\/1062"}],"up":[{"embeddable":true,"href":"https:\/\/www.gpes.fr\/index.php?rest_route=\/wp\/v2\/pages\/1024"}],"wp:attachment":[{"href":"https:\/\/www.gpes.fr\/index.php?rest_route=%2Fwp%2Fv2%2Fmedia&parent=1050"}],"curies":[{"name":"wp","href":"https:\/\/api.w.org\/{rel}","templated":true}]}}