{"id":1024,"date":"2025-05-09T13:30:38","date_gmt":"2025-05-09T13:30:38","guid":{"rendered":"https:\/\/www.gpes.fr\/?page_id=1024"},"modified":"2025-09-05T14:34:49","modified_gmt":"2025-09-05T14:34:49","slug":"lecologie-au-gpes","status":"publish","type":"page","link":"https:\/\/www.gpes.fr\/?page_id=1024","title":{"rendered":"L&rsquo;\u00e9cologie au GPES"},"content":{"rendered":"\n<p>La principale activit\u00e9 du GPES est la plong\u00e9e sous-marine. Mais d\u00e8s la cr\u00e9ation du club en1941, nos anciens ont \u0153uvr\u00e9 pour aider les scientifiques dans leurs recherches biologiques, et se sont mobilis\u00e9s pour la protection de l\u2019environnement. Le professeur Petit, Directeur du centre oc\u00e9anographique d\u2019Endoume et membre fondateur du GPES, a favoris\u00e9 les interactions entre le club et le monde scientifique en collectant les donn\u00e9es d\u2019observation des plongeurs et en donnant un acc\u00e8s gratuit \u00e0 l\u2019aquarium de Marseille. Ont suivi de nombreuses actions en faveur de l\u2019environnement. Le GPES prend part \u00e0 des programmes de sciences participatives, comme MEDOBS, CIGESMED, POLARIS, ou le recensement des esp\u00e8ces prot\u00e9g\u00e9es (des esp\u00e8ces qui comptent en m\u00e9diterran\u00e9e). Ses travaux d\u2019appui \u00e0 la Science ont notamment permis des avanc\u00e9es significatives sur la connaissance, comme l\u2019illustrent les travaux sur l\u2019\u00e9ponge carnivore de la grotte des Trois P\u00e9p\u00e9s, au Cap Canaille ou bien encore la d\u00e9couverte d\u2019une nouvelle esp\u00e8ce de spadella (sorte de crevette)..<\/p>\n\n\n\n<p>A partir de 2022, l\u2019association a souhait\u00e9 se positionner en tant qu\u2019acteur d\u00e9cisif en mati\u00e8re de gestion du littoral dans la baie de la Ciotat, en lan\u00e7ant son propre observatoire scientifique : OBLADES.<\/p>\n\n\n\n<hr class=\"wp-block-separator\"\/>\n\n\n\n<p class=\"has-medium-font-size\"><a href=\"https:\/\/www.gpes.fr\/?page_id=1050\"><strong>L\u2019observatoire OBLADES<\/strong>:<\/a><\/p>\n\n\n\n<p>Avec plus de 12 000 plong\u00e9es par an, le GPES est un t\u00e9moin privil\u00e9gi\u00e9 de l\u2019\u00e9volution du milieu sous-marin dans la baie depuis plus de 80 ans, ce qui lui donne une bonne vision de l\u2019\u00e9volution des \u00e9cosyst\u00e8mes sous-marins sur le long terme. Constatant des modifications dans les \u00e9cosyst\u00e8mes sous-marins, le club a d\u00e9cid\u00e9 en 2022 de cr\u00e9er un observatoire de la vie sous-marine, baptis\u00e9 OBLADES pour : Observatoire dans la Baie de LA Ciotat Des Esp\u00e8ces Sous-marines.<br>Le GPES s\u2019est associ\u00e9 \u00e0 des partenaires scientifiques, avec lesquels des protocoles d\u2019observation ont \u00e9t\u00e9 mis en place dans ce cadre, le GPES r\u00e9alise avec l\u2019appui de l\u2019agence de l\u2019Eau depuis trois ans :<br> &#8211; des op\u00e9rations de comptage de poissons dont les r\u00e9sultats sont transmis \u00e0 l\u2019universit\u00e9 de Perpignan (pour les poissons adultes) et Ecoc\u00e9an (pour les post larves) ;<br> &#8211; des relev\u00e9s photographiques de corallig\u00e8ne, qui sont analys\u00e9s par Androm\u00e8de Oc\u00e9anologie ;<br> &#8211; un suivi de la progression des algues filamenteuses, apparaissant chaque ann\u00e9e au printemps pour disparaitre \u00e0 l\u2019automne.<\/p>\n\n\n\n<p><br>Rappelons que la quasi-totalit\u00e9 des plong\u00e9es r\u00e9alis\u00e9es par le GPES se situent dans le c\u0153ur du Parc des Calanques. On se doit de pr\u00e9server nos magnifiques fonds sous-marins.<br>L\u2019observatoire a \u00e9t\u00e9 r\u00e9compens\u00e9 par la mairie de la Ciotat en novembre 2024 par un troph\u00e9e qui lui a \u00e9t\u00e9 d\u00e9cern\u00e9 dans le cadre de la soir\u00e9e annuelle des sports.<\/p>\n\n\n\n<hr class=\"wp-block-separator\"\/>\n\n\n\n<p class=\"has-medium-font-size\"><strong>Le programme POSIDONIA<\/strong>:<\/p>\n\n\n\n<p>L\u2019objectif du projet \u00e9ducatif POSIDONIA est de sensibiliser les enfants \u00e0 l\u2019importance de la biodiversit\u00e9 et au d\u00e9veloppement durable, au travers de la plong\u00e9e sous-marine.<br>Le projet consiste \u00e0 organiser des stages selon deux formules :<br> &#8211; sessions trimestrielles : le mercredi apr\u00e8s-midi sur 10 demi-journ\u00e9es, \u00e0 l\u2019automne et au printemps ;<br> &#8211; sessions d\u2019\u00e9t\u00e9 : sur une semaine de 5 demi-journ\u00e9es.<\/p>\n\n\n\n<p><br>Le programme s\u2019adresse \u00e0 des enfants de 8 \u00e0 14 ans. Les activit\u00e9s propos\u00e9es s\u2019articulent autour de trois th\u00e8mes :<br> &#8211; l\u2019\u00e9cologie,<br> &#8211; la plong\u00e9e,<br> &#8211; la mer.<\/p>\n\n\n\n<p><br>L\u2019enseignement s\u2019appuie sur une alternance entre des activit\u00e9s en salle et \u00e0 l\u2019ext\u00e9rieur, en privil\u00e9giant des m\u00e9thodes p\u00e9dagogiques ludiques.<br>A cet effet, plusieurs jeux ont \u00e9t\u00e9 con\u00e7us par le GPES, notamment un jeu de plateau, appel\u00e9 Posidonia.<\/p>\n\n\n\n<p><\/p>\n","protected":false},"excerpt":{"rendered":"<p>La principale activit\u00e9 du GPES est la plong\u00e9e sous-marine. Mais d\u00e8s la cr\u00e9ation du club en1941, nos anciens ont \u0153uvr\u00e9<\/p>\n","protected":false},"author":5,"featured_media":0,"parent":591,"menu_order":7,"comment_status":"closed","ping_status":"closed","template":"","meta":[],"_links":{"self":[{"href":"https:\/\/www.gpes.fr\/index.php?rest_route=\/wp\/v2\/pages\/1024"}],"collection":[{"href":"https:\/\/www.gpes.fr\/index.php?rest_route=\/wp\/v2\/pages"}],"about":[{"href":"https:\/\/www.gpes.fr\/index.php?rest_route=\/wp\/v2\/types\/page"}],"author":[{"embeddable":true,"href":"https:\/\/www.gpes.fr\/index.php?rest_route=\/wp\/v2\/users\/5"}],"replies":[{"embeddable":true,"href":"https:\/\/www.gpes.fr\/index.php?rest_route=%2Fwp%2Fv2%2Fcomments&post=1024"}],"version-history":[{"count":11,"href":"https:\/\/www.gpes.fr\/index.php?rest_route=\/wp\/v2\/pages\/1024\/revisions"}],"predecessor-version":[{"id":1060,"href":"https:\/\/www.gpes.fr\/index.php?rest_route=\/wp\/v2\/pages\/1024\/revisions\/1060"}],"up":[{"embeddable":true,"href":"https:\/\/www.gpes.fr\/index.php?rest_route=\/wp\/v2\/pages\/591"}],"wp:attachment":[{"href":"https:\/\/www.gpes.fr\/index.php?rest_route=%2Fwp%2Fv2%2Fmedia&parent=1024"}],"curies":[{"name":"wp","href":"https:\/\/api.w.org\/{rel}","templated":true}]}}